{"id":72561,"date":"2024-02-15T16:58:40","date_gmt":"2024-02-15T15:58:40","guid":{"rendered":"https:\/\/www.nboghossian.ch\/zugang-zu-den-daten\/"},"modified":"2026-04-23T16:18:51","modified_gmt":"2026-04-23T14:18:51","slug":"zugang-zu-den-daten","status":"publish","type":"page","link":"https:\/\/www.nboghossian.ch\/de\/zugang-zu-den-daten\/","title":{"rendered":"Zugang zu den Daten"},"content":{"rendered":"\n<div class=\"et_pb_section_0 et_pb_section et_section_regular et_block_section\"><span class=\"et_pb_background_pattern\"><\/span><div class=\"et_pb_row_0 et_pb_row et-vb-row--no-module et_block_row\"><div class=\"et_pb_column_0 et_pb_column et_pb_column_4_4 et-last-child et_block_column et_pb_column_empty et_pb_css_mix_blend_mode_passthrough\"><\/div><\/div><\/div><div class=\"et_pb_section_1 et_pb_section et_section_regular et_block_section\"><div class=\"et_pb_row_1 et_pb_row et_block_row\"><div class=\"et_pb_column_1 et_pb_column et_pb_column_4_4 et-last-child et_block_column et_pb_css_mix_blend_mode_passthrough\"><div class=\"et_pb_text_0 et_pb_text et_pb_bg_layout_light et_pb_module et_block_module\"><div class=\"et_pb_text_inner\"><h1><strong><em><\/em><\/strong>Zugang zu den <\/h1>\n<h1>Daten<\/h1>\n<\/div><\/div><div class=\"et_pb_divider_0 et_pb_divider et_pb_space et_pb_divider_position_top et_pb_module\"><div class=\"et_pb_divider_internal\"><\/div><\/div><div class=\"et_pb_text_1 et_pb_text et_pb_bg_layout_light et_pb_module et_block_module\"><div class=\"et_pb_text_inner\">Konfiguriere die Seite f\u00fcr die Datenschutzerkl\u00e4rung.\n<\/div><\/div><div class=\"et_pb_text_2 et_pb_text et_pb_bg_layout_light et_pb_module et_block_module\"><div class=\"et_pb_text_inner\"><p>Auf dieser Seite k\u00f6nnen Sie nur die Daten einsehen, die wir \u00fcber Sie auf der Website gespeichert haben, und diese l\u00f6schen. F\u00fcr Informationen \u00fcber Daten, die au\u00dferhalb der Website gespeichert sind, kontaktieren Sie uns bitte \u00fcber unser <a href=\"https:\/\/www.nboghossian.ch\/de\/kontakt\/\">Kontaktformular.<\/a><\/p>\n<p>Weitere Informationen zu unserer Datenschutzpolitik finden Sie in unseren <a href=\"https:\/\/www.nboghossian.ch\/en\/legal-notice\/\">Rechtsbedingungen<\/a><\/p>\n<\/div><\/div><\/div><\/div><\/div>\n","protected":false},"excerpt":{"rendered":"","protected":false},"author":1,"featured_media":0,"parent":0,"menu_order":0,"comment_status":"closed","ping_status":"closed","template":"","meta":{"footnotes":""},"dipi_cpt_category":[],"class_list":["post-72561","page","type-page","status-publish","hentry"],"yoast_head":"<!-- This site is optimized with the Yoast SEO plugin v27.5 - https:\/\/yoast.com\/product\/yoast-seo-wordpress\/ -->\n<title>Zugang zu den Daten - nboghossian.ch<\/title>\n<meta name=\"robots\" content=\"index, follow, max-snippet:-1, max-image-preview:large, max-video-preview:-1\" \/>\n<link rel=\"canonical\" href=\"https:\/\/www.nboghossian.ch\/de\/zugang-zu-den-daten\/\" \/>\n<meta property=\"og:locale\" content=\"de_DE\" \/>\n<meta property=\"og:type\" content=\"article\" \/>\n<meta property=\"og:title\" content=\"Zugang zu den Daten - nboghossian.ch\" \/>\n<meta property=\"og:url\" content=\"https:\/\/www.nboghossian.ch\/de\/zugang-zu-den-daten\/\" \/>\n<meta property=\"og:site_name\" content=\"nboghossian.ch\" \/>\n<meta property=\"article:modified_time\" content=\"2026-04-23T14:18:51+00:00\" \/>\n<meta name=\"twitter:card\" content=\"summary_large_image\" \/>\n<script type=\"application\/ld+json\" class=\"yoast-schema-graph\">{\"@context\":\"https:\\\/\\\/schema.org\",\"@graph\":[{\"@type\":\"WebPage\",\"@id\":\"https:\\\/\\\/www.nboghossian.ch\\\/de\\\/zugang-zu-den-daten\\\/\",\"url\":\"https:\\\/\\\/www.nboghossian.ch\\\/de\\\/zugang-zu-den-daten\\\/\",\"name\":\"Zugang zu den Daten - nboghossian.ch\",\"isPartOf\":{\"@id\":\"https:\\\/\\\/www.nboghossian.ch\\\/de\\\/#website\"},\"datePublished\":\"2024-02-15T15:58:40+00:00\",\"dateModified\":\"2026-04-23T14:18:51+00:00\",\"breadcrumb\":{\"@id\":\"https:\\\/\\\/www.nboghossian.ch\\\/de\\\/zugang-zu-den-daten\\\/#breadcrumb\"},\"inLanguage\":\"de\",\"potentialAction\":[{\"@type\":\"ReadAction\",\"target\":[\"https:\\\/\\\/www.nboghossian.ch\\\/de\\\/zugang-zu-den-daten\\\/\"]}]},{\"@type\":\"BreadcrumbList\",\"@id\":\"https:\\\/\\\/www.nboghossian.ch\\\/de\\\/zugang-zu-den-daten\\\/#breadcrumb\",\"itemListElement\":[{\"@type\":\"ListItem\",\"position\":1,\"name\":\"Accueil\",\"item\":\"https:\\\/\\\/www.nboghossian.ch\\\/de\\\/\"},{\"@type\":\"ListItem\",\"position\":2,\"name\":\"Zugang zu den Daten\"}]},{\"@type\":\"WebSite\",\"@id\":\"https:\\\/\\\/www.nboghossian.ch\\\/de\\\/#website\",\"url\":\"https:\\\/\\\/www.nboghossian.ch\\\/de\\\/\",\"name\":\"nboghossian.ch\",\"description\":\"\",\"publisher\":{\"@id\":\"https:\\\/\\\/www.nboghossian.ch\\\/de\\\/#organization\"},\"potentialAction\":[{\"@type\":\"SearchAction\",\"target\":{\"@type\":\"EntryPoint\",\"urlTemplate\":\"https:\\\/\\\/www.nboghossian.ch\\\/de\\\/?s={search_term_string}\"},\"query-input\":{\"@type\":\"PropertyValueSpecification\",\"valueRequired\":true,\"valueName\":\"search_term_string\"}}],\"inLanguage\":\"de\"},{\"@type\":\"Organization\",\"@id\":\"https:\\\/\\\/www.nboghossian.ch\\\/de\\\/#organization\",\"name\":\"NBoghossian Consulting\",\"url\":\"https:\\\/\\\/www.nboghossian.ch\\\/de\\\/\",\"logo\":{\"@type\":\"ImageObject\",\"inLanguage\":\"de\",\"@id\":\"https:\\\/\\\/www.nboghossian.ch\\\/de\\\/#\\\/schema\\\/logo\\\/image\\\/\",\"url\":\"https:\\\/\\\/www.nboghossian.ch\\\/wp-content\\\/uploads\\\/2024\\\/02\\\/LogoNB_500px.png\",\"contentUrl\":\"https:\\\/\\\/www.nboghossian.ch\\\/wp-content\\\/uploads\\\/2024\\\/02\\\/LogoNB_500px.png\",\"width\":500,\"height\":175,\"caption\":\"NBoghossian Consulting\"},\"image\":{\"@id\":\"https:\\\/\\\/www.nboghossian.ch\\\/de\\\/#\\\/schema\\\/logo\\\/image\\\/\"},\"sameAs\":[\"https:\\\/\\\/www.linkedin.com\\\/company\\\/nboghossian-consulting\",\"https:\\\/\\\/www.instagram.com\\\/nboghossianconsulting\\\/\"]}]}<\/script>\n<!-- \/ Yoast SEO plugin. -->","yoast_head_json":{"title":"Zugang zu den Daten - nboghossian.ch","robots":{"index":"index","follow":"follow","max-snippet":"max-snippet:-1","max-image-preview":"max-image-preview:large","max-video-preview":"max-video-preview:-1"},"canonical":"https:\/\/www.nboghossian.ch\/de\/zugang-zu-den-daten\/","og_locale":"de_DE","og_type":"article","og_title":"Zugang zu den Daten - nboghossian.ch","og_url":"https:\/\/www.nboghossian.ch\/de\/zugang-zu-den-daten\/","og_site_name":"nboghossian.ch","article_modified_time":"2026-04-23T14:18:51+00:00","twitter_card":"summary_large_image","schema":{"@context":"https:\/\/schema.org","@graph":[{"@type":"WebPage","@id":"https:\/\/www.nboghossian.ch\/de\/zugang-zu-den-daten\/","url":"https:\/\/www.nboghossian.ch\/de\/zugang-zu-den-daten\/","name":"Zugang zu den Daten - nboghossian.ch","isPartOf":{"@id":"https:\/\/www.nboghossian.ch\/de\/#website"},"datePublished":"2024-02-15T15:58:40+00:00","dateModified":"2026-04-23T14:18:51+00:00","breadcrumb":{"@id":"https:\/\/www.nboghossian.ch\/de\/zugang-zu-den-daten\/#breadcrumb"},"inLanguage":"de","potentialAction":[{"@type":"ReadAction","target":["https:\/\/www.nboghossian.ch\/de\/zugang-zu-den-daten\/"]}]},{"@type":"BreadcrumbList","@id":"https:\/\/www.nboghossian.ch\/de\/zugang-zu-den-daten\/#breadcrumb","itemListElement":[{"@type":"ListItem","position":1,"name":"Accueil","item":"https:\/\/www.nboghossian.ch\/de\/"},{"@type":"ListItem","position":2,"name":"Zugang zu den Daten"}]},{"@type":"WebSite","@id":"https:\/\/www.nboghossian.ch\/de\/#website","url":"https:\/\/www.nboghossian.ch\/de\/","name":"nboghossian.ch","description":"","publisher":{"@id":"https:\/\/www.nboghossian.ch\/de\/#organization"},"potentialAction":[{"@type":"SearchAction","target":{"@type":"EntryPoint","urlTemplate":"https:\/\/www.nboghossian.ch\/de\/?s={search_term_string}"},"query-input":{"@type":"PropertyValueSpecification","valueRequired":true,"valueName":"search_term_string"}}],"inLanguage":"de"},{"@type":"Organization","@id":"https:\/\/www.nboghossian.ch\/de\/#organization","name":"NBoghossian Consulting","url":"https:\/\/www.nboghossian.ch\/de\/","logo":{"@type":"ImageObject","inLanguage":"de","@id":"https:\/\/www.nboghossian.ch\/de\/#\/schema\/logo\/image\/","url":"https:\/\/www.nboghossian.ch\/wp-content\/uploads\/2024\/02\/LogoNB_500px.png","contentUrl":"https:\/\/www.nboghossian.ch\/wp-content\/uploads\/2024\/02\/LogoNB_500px.png","width":500,"height":175,"caption":"NBoghossian Consulting"},"image":{"@id":"https:\/\/www.nboghossian.ch\/de\/#\/schema\/logo\/image\/"},"sameAs":["https:\/\/www.linkedin.com\/company\/nboghossian-consulting","https:\/\/www.instagram.com\/nboghossianconsulting\/"]}]}},"_links":{"self":[{"href":"https:\/\/www.nboghossian.ch\/de\/wp-json\/wp\/v2\/pages\/72561","targetHints":{"allow":["GET"]}}],"collection":[{"href":"https:\/\/www.nboghossian.ch\/de\/wp-json\/wp\/v2\/pages"}],"about":[{"href":"https:\/\/www.nboghossian.ch\/de\/wp-json\/wp\/v2\/types\/page"}],"author":[{"embeddable":true,"href":"https:\/\/www.nboghossian.ch\/de\/wp-json\/wp\/v2\/users\/1"}],"replies":[{"embeddable":true,"href":"https:\/\/www.nboghossian.ch\/de\/wp-json\/wp\/v2\/comments?post=72561"}],"version-history":[{"count":3,"href":"https:\/\/www.nboghossian.ch\/de\/wp-json\/wp\/v2\/pages\/72561\/revisions"}],"predecessor-version":[{"id":73131,"href":"https:\/\/www.nboghossian.ch\/de\/wp-json\/wp\/v2\/pages\/72561\/revisions\/73131"}],"wp:attachment":[{"href":"https:\/\/www.nboghossian.ch\/de\/wp-json\/wp\/v2\/media?parent=72561"}],"wp:term":[{"taxonomy":"dipi_cpt_category","embeddable":true,"href":"https:\/\/www.nboghossian.ch\/de\/wp-json\/wp\/v2\/dipi_cpt_category?post=72561"}],"curies":[{"name":"wp","href":"https:\/\/api.w.org\/{rel}","templated":true}]}}