{"id":71608,"date":"2024-02-05T17:01:23","date_gmt":"2024-02-05T16:01:23","guid":{"rendered":"https:\/\/www.nboghossian.ch\/dienstleistungen\/"},"modified":"2026-04-23T16:18:46","modified_gmt":"2026-04-23T14:18:46","slug":"dienstleistungen","status":"publish","type":"page","link":"https:\/\/www.nboghossian.ch\/de\/dienstleistungen\/","title":{"rendered":"Dienstleistungen"},"content":{"rendered":"\n<div class=\"et_pb_section_0 et_pb_section et_section_regular et_block_section\"><span class=\"et_pb_background_pattern\"><\/span><div class=\"et_pb_row_0 et_pb_row et-vb-row--no-module et_block_row\"><div class=\"et_pb_column_0 et_pb_column et_pb_column_4_4 et-last-child et_block_column et_pb_column_empty et_pb_css_mix_blend_mode_passthrough\"><\/div><\/div><\/div><div class=\"et_pb_section_1 et_pb_section et_section_regular et_block_section\"><div class=\"et_pb_row_1 et_pb_row et_pb_row_3-4_1-4 et_block_row et_block_row_3-4_1-4\"><div class=\"et_pb_column_1 et_pb_column et_pb_column_3_4 et_block_column et_pb_css_mix_blend_mode_passthrough\"><div class=\"et_pb_text_0 et_pb_text et_pb_bg_layout_light et_pb_module et_block_module\"><div class=\"et_pb_text_inner\"><h1><strong><em><\/em><\/strong>Unsere<\/h1>\n<h1>Dienstleistungen<\/h1>\n<p>&nbsp;<\/p>\n<\/div><\/div><div class=\"et_pb_divider_0 et_pb_divider et_pb_space et_pb_divider_position_top et_pb_module\"><div class=\"et_pb_divider_internal\"><\/div><\/div><div class=\"et_pb_text_1 et_pb_text et_pb_bg_layout_light et_pb_module et_block_module\"><div class=\"et_pb_text_inner\"><p>Ein ganzheitlicher Marketingstrategieansatz<\/p>\n<\/div><\/div><\/div><div class=\"et_pb_column_2 et_pb_column et_pb_column_1_4 et-last-child et_block_column et_pb_column_empty et_pb_css_mix_blend_mode_passthrough\"><\/div><\/div><\/div><div class=\"et_pb_section_2 et_pb_section et_section_regular et_block_section\" id=\"bsap\"><div class=\"et_pb_row_2 et_pb_row et_pb_equal_columns et_pb_gutters1 et_block_row\"><div class=\"et_pb_column_3 et_pb_column et_pb_column_1_2 et_block_column et_pb_column_empty et_pb_css_mix_blend_mode_passthrough\"><span class=\"et_pb_background_pattern\"><\/span><\/div><div class=\"et_pb_column_4 et_pb_column et_pb_column_1_2 et-last-child et_block_column et_pb_css_mix_blend_mode_passthrough et_animated\"><div class=\"et_pb_text_2 et_pb_text et_pb_bg_layout_light et_pb_module et_block_module\"><div class=\"et_pb_text_inner\"><h2>Unternehmensstrategie und -planung<\/h2>\n<\/div><\/div><div class=\"et_pb_divider_1 et_pb_divider et_pb_space et_pb_divider_position_top et_pb_module\"><div class=\"et_pb_divider_internal\"><\/div><\/div><div class=\"et_pb_text_3 et_pb_text et_pb_bg_layout_light et_pb_module et_block_module\"><div class=\"et_pb_text_inner\"><p>Erstellen Sie mit unseren strategischen Gesch\u00e4ftsplanungsdiensten eine Erfolgsroadmap. Von der Marktanalyse bis zur Zielsetzung f\u00fchren wir Sie in eine Zukunft nachhaltigen Wachstums.<\/p>\n<\/div><\/div><\/div><\/div><\/div><div class=\"et_pb_section_3 et_pb_section et_section_regular et_block_section\" id=\"branding\"><div class=\"et_pb_row_3 et_pb_row et_pb_equal_columns et_pb_gutters1 et_block_row\"><div class=\"et_pb_column_5 et_pb_column et_pb_column_1_2 et_block_column et_pb_css_mix_blend_mode_passthrough et_animated\"><div class=\"et_pb_text_4 et_pb_text et_pb_bg_layout_light et_pb_module et_block_module\"><div class=\"et_pb_text_inner\"><h2>Branding<\/h2>\n<\/div><\/div><div class=\"et_pb_divider_2 et_pb_divider et_pb_space et_pb_divider_position_top et_pb_module\"><div class=\"et_pb_divider_internal\"><\/div><\/div><div class=\"et_pb_text_5 et_pb_text et_pb_bg_layout_light et_pb_module et_block_module\"><div class=\"et_pb_text_inner\"><p>Wir unterst\u00fctzen Sie bei der Erstellung eines umfassenden Markenbuchs, der Festlegung der Positionierung Ihrer Marke auf dem Markt und der Durchf\u00fchrung einer gr\u00fcndlichen Benchmark-Analyse.<\/p>\n<\/div><\/div><\/div><div class=\"et_pb_column_6 et_pb_column et_pb_column_1_2 et-last-child et_block_column et_pb_column_empty et_pb_css_mix_blend_mode_passthrough\"><span class=\"et_pb_background_pattern\"><\/span><\/div><\/div><\/div><div class=\"et_pb_section_4 et_pb_section et_section_regular et_block_section\" id=\"prrelation\"><div class=\"et_pb_row_4 et_pb_row et_pb_equal_columns et_pb_gutters1 et_block_row\"><div class=\"et_pb_column_7 et_pb_column et_pb_column_1_2 et_block_column et_pb_column_empty et_pb_css_mix_blend_mode_passthrough\"><span class=\"et_pb_background_pattern\"><\/span><\/div><div class=\"et_pb_column_8 et_pb_column et_pb_column_1_2 et-last-child et_block_column et_pb_css_mix_blend_mode_passthrough et_animated\"><div class=\"et_pb_text_6 et_pb_text et_pb_bg_layout_light et_pb_module et_block_module\"><div class=\"et_pb_text_inner\"><h2>Pressearbeit<\/h2>\n<\/div><\/div><div class=\"et_pb_divider_3 et_pb_divider et_pb_space et_pb_divider_position_top et_pb_module\"><div class=\"et_pb_divider_internal\"><\/div><\/div><div class=\"et_pb_text_7 et_pb_text et_pb_bg_layout_light et_pb_module et_block_module\"><div class=\"et_pb_text_inner\"><p>Wir kn\u00fcpfen Verbindungen zu wichtigen Schweizer Journalisten. Unsere Expertise umfasst die Verhandlung redaktioneller Berichterstattung, die Koordination von Fotoshootings und die Sicherung von Interviews mit Top-Management oder Botschaftern, um sicherzustellen, dass Ihre Marke optimale Sichtbarkeit erh\u00e4lt. <\/p>\n<\/div><\/div><\/div><\/div><\/div><div class=\"et_pb_section_5 et_pb_section et_section_regular et_block_section\" id=\"prelations\"><div class=\"et_pb_row_5 et_pb_row et_pb_equal_columns et_pb_gutters1 et_block_row\"><div class=\"et_pb_column_9 et_pb_column et_pb_column_1_2 et_block_column et_pb_css_mix_blend_mode_passthrough et_animated\"><div class=\"et_pb_text_8 et_pb_text et_pb_bg_layout_light et_pb_module et_block_module\"><div class=\"et_pb_text_inner\"><h2>\nPR<br \/>\n<\/h2>\n<\/div><\/div><div class=\"et_pb_divider_4 et_pb_divider et_pb_space et_pb_divider_position_top et_pb_module\"><div class=\"et_pb_divider_internal\"><\/div><\/div><div class=\"et_pb_text_9 et_pb_text et_pb_bg_layout_light et_pb_module et_block_module\"><div class=\"et_pb_text_inner\"><p>Erhalten Sie Zugang zu unserem sorgf\u00e4ltig ausgew\u00e4hlten Netzwerk von VIPs, Key Opinion Leaders (KOLs), lokalen Prominenten und Top-Managern. Ob Teilnahme an Ihren Veranstaltungen oder Kennenlernen Ihrer Marke, wir erleichtern bedeutsame Verbindungen f\u00fcr eine erh\u00f6hte Sichtbarkeit und Anerkennung.<\/p>\n<\/div><\/div><\/div><div class=\"et_pb_column_10 et_pb_column et_pb_column_1_2 et-last-child et_block_column et_pb_column_empty et_pb_css_mix_blend_mode_passthrough\"><span class=\"et_pb_background_pattern\"><\/span><\/div><\/div><\/div><div class=\"et_pb_section_6 et_pb_section et_section_regular et_block_section\" id=\"dstrategy\"><div class=\"et_pb_row_6 et_pb_row et_pb_equal_columns et_pb_gutters1 et_block_row\"><div class=\"et_pb_column_11 et_pb_column et_pb_column_1_2 et_block_column et_pb_column_empty et_pb_css_mix_blend_mode_passthrough\"><span class=\"et_pb_background_pattern\"><\/span><\/div><div class=\"et_pb_column_12 et_pb_column et_pb_column_1_2 et-last-child et_block_column et_pb_css_mix_blend_mode_passthrough et_animated\"><div class=\"et_pb_text_10 et_pb_text et_pb_bg_layout_light et_pb_module et_block_module\"><div class=\"et_pb_text_inner\"><h2>Digitale <br \/>Strategie<\/h2>\n<\/div><\/div><div class=\"et_pb_divider_5 et_pb_divider et_pb_space et_pb_divider_position_top et_pb_module\"><div class=\"et_pb_divider_internal\"><\/div><\/div><div class=\"et_pb_text_11 et_pb_text et_pb_bg_layout_light et_pb_module et_block_module\"><div class=\"et_pb_text_inner\"><p>Wir identifizieren Influencer, die mit den Werten und dem Image Ihrer Marke \u00fcbereinstimmen, und integrieren sie nahtlos in Ihre Gesamtmarketingstrategie. Unsere Unterst\u00fctzung erstreckt sich auf die Erstellung von Inhalten f\u00fcr digitale Assets und die Einrichtung von digitalen Kampagnen.<\/p>\n<\/div><\/div><\/div><\/div><\/div><div class=\"et_pb_section_7 et_pb_section et_section_regular et_block_section\" id=\"mstrategy\"><div class=\"et_pb_row_7 et_pb_row et_pb_equal_columns et_pb_gutters1 et_block_row\"><div class=\"et_pb_column_13 et_pb_column et_pb_column_1_2 et_block_column et_pb_css_mix_blend_mode_passthrough et_animated\"><div class=\"et_pb_text_12 et_pb_text et_pb_bg_layout_light et_pb_module et_block_module\"><div class=\"et_pb_text_inner\"><h2>Medienstrategie<br \/><\/h2>\n<\/div><\/div><div class=\"et_pb_divider_6 et_pb_divider et_pb_space et_pb_divider_position_top et_pb_module\"><div class=\"et_pb_divider_internal\"><\/div><\/div><div class=\"et_pb_text_13 et_pb_text et_pb_bg_layout_light et_pb_module et_block_module\"><div class=\"et_pb_text_inner\"><p>Wir entwickeln sorgf\u00e4ltig einen j\u00e4hrlichen Medienplan, der Print-, Digital-, DOOH- und OOH-Kan\u00e4le abdeckt und sicherstellt, dass er mit Ihrer \u00fcbergreifenden Marketingstrategie \u00fcbereinstimmt. Dar\u00fcber hinaus bieten wir Unterst\u00fctzung bei der Erstellung ansprechender advertorialer Inhalte.<\/p>\n<\/div><\/div><\/div><div class=\"et_pb_column_14 et_pb_column et_pb_column_1_2 et-last-child et_block_column et_pb_column_empty et_pb_css_mix_blend_mode_passthrough\"><span class=\"et_pb_background_pattern\"><\/span><\/div><\/div><\/div><div class=\"et_pb_section_8 et_pb_section et_section_regular et_block_section\" id=\"events\"><div class=\"et_pb_row_8 et_pb_row et_pb_equal_columns et_pb_gutters1 et_block_row\"><div class=\"et_pb_column_15 et_pb_column et_pb_column_1_2 et_block_column et_pb_column_empty et_pb_css_mix_blend_mode_passthrough\"><span class=\"et_pb_background_pattern\"><\/span><\/div><div class=\"et_pb_column_16 et_pb_column et_pb_column_1_2 et-last-child et_block_column et_pb_css_mix_blend_mode_passthrough et_animated\"><div class=\"et_pb_text_14 et_pb_text et_pb_bg_layout_light et_pb_module et_block_module\"><div class=\"et_pb_text_inner\"><h2>Veranstaltungen<\/h2>\n<\/div><\/div><div class=\"et_pb_divider_7 et_pb_divider et_pb_space et_pb_divider_position_top et_pb_module\"><div class=\"et_pb_divider_internal\"><\/div><\/div><div class=\"et_pb_text_15 et_pb_text et_pb_bg_layout_light et_pb_module et_block_module\"><div class=\"et_pb_text_inner\"><p>Wir suchen nach den au\u00dfergew\u00f6hnlichsten und unerwartetsten Veranstaltungsorten und kombinieren sie mit der perfekten Unterhaltung, um ein unvergessliches Kundenerlebnis zu schaffen. <\/p>\n<\/div><\/div><\/div><\/div><\/div><div class=\"et_pb_section_9 et_pb_section et_section_regular et_block_section\" id=\"binter\"><div class=\"et_pb_row_9 et_pb_row et_pb_equal_columns et_pb_gutters1 et_block_row\"><div class=\"et_pb_column_17 et_pb_column et_pb_column_1_2 et_block_column et_pb_css_mix_blend_mode_passthrough et_animated\"><div class=\"et_pb_text_16 et_pb_text et_pb_bg_layout_light et_pb_module et_block_module\"><div class=\"et_pb_text_inner\"><h2>Business<br \/>Introducer<\/h2>\n<\/div><\/div><div class=\"et_pb_divider_8 et_pb_divider et_pb_space et_pb_divider_position_top et_pb_module\"><div class=\"et_pb_divider_internal\"><\/div><\/div><div class=\"et_pb_text_17 et_pb_text et_pb_bg_layout_light et_pb_module et_block_module\"><div class=\"et_pb_text_inner\"><p>Wir glauben fest an die strategische Auswirkung von Partnerschaften f\u00fcr die Netzwerkentwicklung, die Rekrutierung von Kunden und die Markenbekanntheit. Wir erleichtern Verbindungen mit den richtigen Partnern und bieten dedizierte Unterst\u00fctzung bei Verhandlungen. Unser umfangreiches Netzwerk, das die Bereiche Kunst, Private Banking und Lifestyle umfasst, steht Ihnen zur Verf\u00fcgung.<\/p>\n<\/div><\/div><\/div><div class=\"et_pb_column_18 et_pb_column et_pb_column_1_2 et-last-child et_block_column et_pb_column_empty et_pb_css_mix_blend_mode_passthrough\"><span class=\"et_pb_background_pattern\"><\/span><\/div><\/div><\/div>\n","protected":false},"excerpt":{"rendered":"","protected":false},"author":1,"featured_media":0,"parent":0,"menu_order":0,"comment_status":"closed","ping_status":"closed","template":"","meta":{"footnotes":""},"dipi_cpt_category":[],"class_list":["post-71608","page","type-page","status-publish","hentry"],"yoast_head":"<!-- This site is optimized with the Yoast SEO plugin v27.5 - https:\/\/yoast.com\/product\/yoast-seo-wordpress\/ -->\n<title>Dienstleistungen - nboghossian.ch<\/title>\n<meta name=\"robots\" content=\"index, follow, max-snippet:-1, max-image-preview:large, max-video-preview:-1\" \/>\n<link rel=\"canonical\" href=\"https:\/\/www.nboghossian.ch\/de\/dienstleistungen\/\" \/>\n<meta property=\"og:locale\" content=\"de_DE\" \/>\n<meta property=\"og:type\" content=\"article\" \/>\n<meta property=\"og:title\" content=\"Dienstleistungen - nboghossian.ch\" \/>\n<meta property=\"og:url\" content=\"https:\/\/www.nboghossian.ch\/de\/dienstleistungen\/\" \/>\n<meta property=\"og:site_name\" content=\"nboghossian.ch\" \/>\n<meta property=\"article:modified_time\" content=\"2026-04-23T14:18:46+00:00\" \/>\n<meta name=\"twitter:card\" content=\"summary_large_image\" \/>\n<script type=\"application\/ld+json\" class=\"yoast-schema-graph\">{\"@context\":\"https:\\\/\\\/schema.org\",\"@graph\":[{\"@type\":\"WebPage\",\"@id\":\"https:\\\/\\\/www.nboghossian.ch\\\/de\\\/dienstleistungen\\\/\",\"url\":\"https:\\\/\\\/www.nboghossian.ch\\\/de\\\/dienstleistungen\\\/\",\"name\":\"Dienstleistungen - nboghossian.ch\",\"isPartOf\":{\"@id\":\"https:\\\/\\\/www.nboghossian.ch\\\/de\\\/#website\"},\"datePublished\":\"2024-02-05T16:01:23+00:00\",\"dateModified\":\"2026-04-23T14:18:46+00:00\",\"breadcrumb\":{\"@id\":\"https:\\\/\\\/www.nboghossian.ch\\\/de\\\/dienstleistungen\\\/#breadcrumb\"},\"inLanguage\":\"de\",\"potentialAction\":[{\"@type\":\"ReadAction\",\"target\":[\"https:\\\/\\\/www.nboghossian.ch\\\/de\\\/dienstleistungen\\\/\"]}]},{\"@type\":\"BreadcrumbList\",\"@id\":\"https:\\\/\\\/www.nboghossian.ch\\\/de\\\/dienstleistungen\\\/#breadcrumb\",\"itemListElement\":[{\"@type\":\"ListItem\",\"position\":1,\"name\":\"Accueil\",\"item\":\"https:\\\/\\\/www.nboghossian.ch\\\/de\\\/\"},{\"@type\":\"ListItem\",\"position\":2,\"name\":\"Dienstleistungen\"}]},{\"@type\":\"WebSite\",\"@id\":\"https:\\\/\\\/www.nboghossian.ch\\\/de\\\/#website\",\"url\":\"https:\\\/\\\/www.nboghossian.ch\\\/de\\\/\",\"name\":\"nboghossian.ch\",\"description\":\"\",\"publisher\":{\"@id\":\"https:\\\/\\\/www.nboghossian.ch\\\/de\\\/#organization\"},\"potentialAction\":[{\"@type\":\"SearchAction\",\"target\":{\"@type\":\"EntryPoint\",\"urlTemplate\":\"https:\\\/\\\/www.nboghossian.ch\\\/de\\\/?s={search_term_string}\"},\"query-input\":{\"@type\":\"PropertyValueSpecification\",\"valueRequired\":true,\"valueName\":\"search_term_string\"}}],\"inLanguage\":\"de\"},{\"@type\":\"Organization\",\"@id\":\"https:\\\/\\\/www.nboghossian.ch\\\/de\\\/#organization\",\"name\":\"NBoghossian Consulting\",\"url\":\"https:\\\/\\\/www.nboghossian.ch\\\/de\\\/\",\"logo\":{\"@type\":\"ImageObject\",\"inLanguage\":\"de\",\"@id\":\"https:\\\/\\\/www.nboghossian.ch\\\/de\\\/#\\\/schema\\\/logo\\\/image\\\/\",\"url\":\"https:\\\/\\\/www.nboghossian.ch\\\/wp-content\\\/uploads\\\/2024\\\/02\\\/LogoNB_500px.png\",\"contentUrl\":\"https:\\\/\\\/www.nboghossian.ch\\\/wp-content\\\/uploads\\\/2024\\\/02\\\/LogoNB_500px.png\",\"width\":500,\"height\":175,\"caption\":\"NBoghossian Consulting\"},\"image\":{\"@id\":\"https:\\\/\\\/www.nboghossian.ch\\\/de\\\/#\\\/schema\\\/logo\\\/image\\\/\"},\"sameAs\":[\"https:\\\/\\\/www.linkedin.com\\\/company\\\/nboghossian-consulting\",\"https:\\\/\\\/www.instagram.com\\\/nboghossianconsulting\\\/\"]}]}<\/script>\n<!-- \/ Yoast SEO plugin. -->","yoast_head_json":{"title":"Dienstleistungen - nboghossian.ch","robots":{"index":"index","follow":"follow","max-snippet":"max-snippet:-1","max-image-preview":"max-image-preview:large","max-video-preview":"max-video-preview:-1"},"canonical":"https:\/\/www.nboghossian.ch\/de\/dienstleistungen\/","og_locale":"de_DE","og_type":"article","og_title":"Dienstleistungen - nboghossian.ch","og_url":"https:\/\/www.nboghossian.ch\/de\/dienstleistungen\/","og_site_name":"nboghossian.ch","article_modified_time":"2026-04-23T14:18:46+00:00","twitter_card":"summary_large_image","schema":{"@context":"https:\/\/schema.org","@graph":[{"@type":"WebPage","@id":"https:\/\/www.nboghossian.ch\/de\/dienstleistungen\/","url":"https:\/\/www.nboghossian.ch\/de\/dienstleistungen\/","name":"Dienstleistungen - nboghossian.ch","isPartOf":{"@id":"https:\/\/www.nboghossian.ch\/de\/#website"},"datePublished":"2024-02-05T16:01:23+00:00","dateModified":"2026-04-23T14:18:46+00:00","breadcrumb":{"@id":"https:\/\/www.nboghossian.ch\/de\/dienstleistungen\/#breadcrumb"},"inLanguage":"de","potentialAction":[{"@type":"ReadAction","target":["https:\/\/www.nboghossian.ch\/de\/dienstleistungen\/"]}]},{"@type":"BreadcrumbList","@id":"https:\/\/www.nboghossian.ch\/de\/dienstleistungen\/#breadcrumb","itemListElement":[{"@type":"ListItem","position":1,"name":"Accueil","item":"https:\/\/www.nboghossian.ch\/de\/"},{"@type":"ListItem","position":2,"name":"Dienstleistungen"}]},{"@type":"WebSite","@id":"https:\/\/www.nboghossian.ch\/de\/#website","url":"https:\/\/www.nboghossian.ch\/de\/","name":"nboghossian.ch","description":"","publisher":{"@id":"https:\/\/www.nboghossian.ch\/de\/#organization"},"potentialAction":[{"@type":"SearchAction","target":{"@type":"EntryPoint","urlTemplate":"https:\/\/www.nboghossian.ch\/de\/?s={search_term_string}"},"query-input":{"@type":"PropertyValueSpecification","valueRequired":true,"valueName":"search_term_string"}}],"inLanguage":"de"},{"@type":"Organization","@id":"https:\/\/www.nboghossian.ch\/de\/#organization","name":"NBoghossian Consulting","url":"https:\/\/www.nboghossian.ch\/de\/","logo":{"@type":"ImageObject","inLanguage":"de","@id":"https:\/\/www.nboghossian.ch\/de\/#\/schema\/logo\/image\/","url":"https:\/\/www.nboghossian.ch\/wp-content\/uploads\/2024\/02\/LogoNB_500px.png","contentUrl":"https:\/\/www.nboghossian.ch\/wp-content\/uploads\/2024\/02\/LogoNB_500px.png","width":500,"height":175,"caption":"NBoghossian Consulting"},"image":{"@id":"https:\/\/www.nboghossian.ch\/de\/#\/schema\/logo\/image\/"},"sameAs":["https:\/\/www.linkedin.com\/company\/nboghossian-consulting","https:\/\/www.instagram.com\/nboghossianconsulting\/"]}]}},"_links":{"self":[{"href":"https:\/\/www.nboghossian.ch\/de\/wp-json\/wp\/v2\/pages\/71608","targetHints":{"allow":["GET"]}}],"collection":[{"href":"https:\/\/www.nboghossian.ch\/de\/wp-json\/wp\/v2\/pages"}],"about":[{"href":"https:\/\/www.nboghossian.ch\/de\/wp-json\/wp\/v2\/types\/page"}],"author":[{"embeddable":true,"href":"https:\/\/www.nboghossian.ch\/de\/wp-json\/wp\/v2\/users\/1"}],"replies":[{"embeddable":true,"href":"https:\/\/www.nboghossian.ch\/de\/wp-json\/wp\/v2\/comments?post=71608"}],"version-history":[{"count":25,"href":"https:\/\/www.nboghossian.ch\/de\/wp-json\/wp\/v2\/pages\/71608\/revisions"}],"predecessor-version":[{"id":73125,"href":"https:\/\/www.nboghossian.ch\/de\/wp-json\/wp\/v2\/pages\/71608\/revisions\/73125"}],"wp:attachment":[{"href":"https:\/\/www.nboghossian.ch\/de\/wp-json\/wp\/v2\/media?parent=71608"}],"wp:term":[{"taxonomy":"dipi_cpt_category","embeddable":true,"href":"https:\/\/www.nboghossian.ch\/de\/wp-json\/wp\/v2\/dipi_cpt_category?post=71608"}],"curies":[{"name":"wp","href":"https:\/\/api.w.org\/{rel}","templated":true}]}}