{"id":71602,"date":"2024-01-19T15:06:36","date_gmt":"2024-01-19T14:06:36","guid":{"rendered":"https:\/\/www.nboghossian.ch\/expertise\/"},"modified":"2026-04-23T16:18:30","modified_gmt":"2026-04-23T14:18:30","slug":"fachwissen","status":"publish","type":"page","link":"https:\/\/www.nboghossian.ch\/de\/fachwissen\/","title":{"rendered":"Fachwissen"},"content":{"rendered":"\n<div class=\"et_pb_section_0 et_pb_section et_section_regular et_block_section\"><span class=\"et_pb_background_pattern\"><\/span><div class=\"et_pb_row_0 et_pb_row et-vb-row--no-module et_block_row\"><div class=\"et_pb_column_0 et_pb_column et_pb_column_4_4 et-last-child et_block_column et_pb_column_empty et_pb_css_mix_blend_mode_passthrough\"><\/div><\/div><\/div><div class=\"et_pb_section_1 et_pb_section et_section_regular et_block_section\"><div class=\"et_pb_row_1 et_pb_row et_block_row\"><div class=\"et_pb_column_1 et_pb_column et_pb_column_3_5 et_block_column et_pb_css_mix_blend_mode_passthrough\"><div class=\"et_pb_text_0 et_pb_text et_pb_bg_layout_light et_pb_module et_block_module\"><div class=\"et_pb_text_inner\"><h1><strong><em><\/em><\/strong>Unser<\/h1>\n<h1>Fachwissen<\/h1>\n<p>&nbsp;<\/p>\n<\/div><\/div><div class=\"et_pb_divider_0 et_pb_divider et_pb_space et_pb_divider_position_top et_pb_module\"><div class=\"et_pb_divider_internal\"><\/div><\/div><div class=\"et_pb_text_1 et_pb_text et_pb_bg_layout_light et_pb_module et_block_module\"><div class=\"et_pb_text_inner\"><p>Warum NBoghossian Consulting w\u00e4hlen?<\/p>\n<\/div><\/div><\/div><div class=\"et_pb_column_2 et_pb_column et_pb_column_2_5 et-last-child et_block_column et_pb_column_empty et_pb_css_mix_blend_mode_passthrough\"><\/div><\/div><div class=\"et_pb_row_2 et_pb_row et_block_row\"><div class=\"et_pb_column_3 et_pb_column et_pb_column_1_2 et_block_column et_pb_css_mix_blend_mode_passthrough et_animated\"><div class=\"et_pb_text_2 et_pb_text et_pb_bg_layout_light et_pb_module et_block_module\"><div class=\"et_pb_text_inner\"><h3>Schweizer Pr\u00e4zision,<br \/>Globaler Einfluss<\/h3>\n<p>Unsere Beratungsdienstleistungen verk\u00f6rpern die Pr\u00e4zision und Exzellenz, f\u00fcr die die Schweiz bekannt ist. Ob Ihr Unternehmen lokal oder global t\u00e4tig ist, unsere Strategien sind darauf ausgelegt, einen bedeutenden Einfluss auf die sich st\u00e4ndig ver\u00e4ndernde Gesch\u00e4ftslandschaft zu haben.<\/p>\n<\/div><\/div><\/div><div class=\"et_pb_column_4 et_pb_column et_pb_column_1_2 et-last-child et_block_column et_pb_css_mix_blend_mode_passthrough et_animated\"><div class=\"et_pb_text_3 et_pb_text et_pb_bg_layout_light et_pb_module et_block_module\"><div class=\"et_pb_text_inner\"><h3>Ma\u00dfgeschneiderte L\u00f6sungen<br \/>f\u00fcr jede Herausforderung<\/h3>\n<p>Keine zwei Unternehmen sind gleich, und auch ihre Herausforderungen nicht. Bei NBoghossian Consulting sind wir stolz darauf, ma\u00dfgeschneiderte L\u00f6sungen anzubieten, die auf die einzigartigen Bed\u00fcrfnisse und Ziele jedes Kunden eingehen. Ihre Erfolgsgeschichte ist unsere Mission.<\/p>\n<\/div><\/div><\/div><\/div><div class=\"et_pb_row_3 et_pb_row et_block_row\"><div class=\"et_pb_column_5 et_pb_column et_pb_column_1_2 et_block_column et_pb_css_mix_blend_mode_passthrough et_animated\"><div class=\"et_pb_text_4 et_pb_text et_pb_bg_layout_light et_pb_module et_block_module\"><div class=\"et_pb_text_inner\"><h3>Branchenexpertise,<br \/>Vordenker<\/h3>\n<p>Unsere Beratung geht \u00fcber herk\u00f6mmliche Weisheiten hinaus und bietet Einblicke, die Ihr Unternehmen vorantreiben.<\/p>\n<\/div><\/div><\/div><div class=\"et_pb_column_6 et_pb_column et_pb_column_1_2 et-last-child et_block_column et_pb_css_mix_blend_mode_passthrough et_animated\"><div class=\"et_pb_text_5 et_pb_text et_pb_bg_layout_light et_pb_module et_block_module\"><div class=\"et_pb_text_inner\"><h3>Strategische Beratung,<br \/>Nachhaltiges Wachstum<\/h3>\n<p>Wir l\u00f6sen nicht nur Probleme; wir entwickeln nachhaltige Wachstumsstrategien. Egal, ob Sie den Markteintritt navigieren, Operationen optimieren oder Ihre Marke neu definieren, unsere Beratungsdienstleistungen sind auf langfristigen Erfolg ausgerichtet.<\/p>\n<\/div><\/div><\/div><\/div><div class=\"et_pb_row_4 et_pb_row et_block_row\"><div class=\"et_pb_column_7 et_pb_column et_pb_column_1_2 et_block_column et_pb_css_mix_blend_mode_passthrough et_animated\"><div class=\"et_pb_text_6 et_pb_text et_pb_bg_layout_light et_pb_module et_block_module\"><div class=\"et_pb_text_inner\"><h3>Innovation<\/h3>\n<p>Die Gesch\u00e4ftswelt ist dynamisch, und Innovation ist der Schl\u00fcssel, um vorauszugehen. Bei NBoghossian Consulting integrieren wir Kreativit\u00e4t und Innovation in jede L\u00f6sung, um sicherzustellen, dass Ihr Unternehmen nicht nur auf Ver\u00e4nderungen reagiert, sondern den Weg weist.<\/p>\n<\/div><\/div><\/div><div class=\"et_pb_column_8 et_pb_column et_pb_column_1_2 et-last-child et_block_column et_pb_css_mix_blend_mode_passthrough et_animated\"><div class=\"et_pb_text_7 et_pb_text et_pb_bg_layout_light et_pb_module et_block_module\"><div class=\"et_pb_text_inner\"><h3>Vertraulichkeit<br \/>und Diskretion<\/h3>\n<p>Wir sind bestrebt, die h\u00f6chsten Standards an Diskretion und Vertraulichkeit aufrechtzuerhalten. Wir behandeln die Privatsph\u00e4re und sensiblen Informationen unserer Kunden jederzeit mit gr\u00f6\u00dfter Sorgfalt und Professionalit\u00e4t. Wir bieten nicht nur L\u00f6sungen an; wir schaffen M\u00f6glichkeiten f\u00fcr Wachstum, Innovation und dauerhaften Erfolg.<\/p>\n<\/div><\/div><\/div><\/div><div class=\"et_pb_row_5 et_pb_row et_block_row\"><div class=\"et_pb_column_9 et_pb_column et_pb_column_1_2 et_block_column et_pb_column_empty et_pb_css_mix_blend_mode_passthrough\"><\/div><div class=\"et_pb_column_10 et_pb_column et_pb_column_1_2 et-last-child et_block_column et_pb_css_mix_blend_mode_passthrough\"><div class=\"et_pb_text_8 et_pb_text et_pb_bg_layout_light et_pb_module et_block_module\"><div class=\"et_pb_text_inner\"><p>Wir bieten nicht nur L\u00f6sungen an; wir schaffen M\u00f6glichkeiten f\u00fcr Wachstum, Innovation und dauerhaften Erfolg. <\/p>\n<\/div><\/div><\/div><\/div><\/div>\n","protected":false},"excerpt":{"rendered":"","protected":false},"author":1,"featured_media":0,"parent":0,"menu_order":0,"comment_status":"closed","ping_status":"closed","template":"","meta":{"footnotes":""},"dipi_cpt_category":[],"class_list":["post-71602","page","type-page","status-publish","hentry"],"yoast_head":"<!-- This site is optimized with the Yoast SEO plugin v27.5 - https:\/\/yoast.com\/product\/yoast-seo-wordpress\/ -->\n<title>Fachwissen - nboghossian.ch<\/title>\n<meta name=\"robots\" content=\"index, follow, max-snippet:-1, max-image-preview:large, max-video-preview:-1\" \/>\n<link rel=\"canonical\" href=\"https:\/\/www.nboghossian.ch\/de\/fachwissen\/\" \/>\n<meta property=\"og:locale\" content=\"de_DE\" \/>\n<meta property=\"og:type\" content=\"article\" \/>\n<meta property=\"og:title\" content=\"Fachwissen - nboghossian.ch\" \/>\n<meta property=\"og:url\" content=\"https:\/\/www.nboghossian.ch\/de\/fachwissen\/\" \/>\n<meta property=\"og:site_name\" content=\"nboghossian.ch\" \/>\n<meta property=\"article:modified_time\" content=\"2026-04-23T14:18:30+00:00\" \/>\n<meta name=\"twitter:card\" content=\"summary_large_image\" \/>\n<script type=\"application\/ld+json\" class=\"yoast-schema-graph\">{\"@context\":\"https:\\\/\\\/schema.org\",\"@graph\":[{\"@type\":\"WebPage\",\"@id\":\"https:\\\/\\\/www.nboghossian.ch\\\/de\\\/fachwissen\\\/\",\"url\":\"https:\\\/\\\/www.nboghossian.ch\\\/de\\\/fachwissen\\\/\",\"name\":\"Fachwissen - nboghossian.ch\",\"isPartOf\":{\"@id\":\"https:\\\/\\\/www.nboghossian.ch\\\/de\\\/#website\"},\"datePublished\":\"2024-01-19T14:06:36+00:00\",\"dateModified\":\"2026-04-23T14:18:30+00:00\",\"breadcrumb\":{\"@id\":\"https:\\\/\\\/www.nboghossian.ch\\\/de\\\/fachwissen\\\/#breadcrumb\"},\"inLanguage\":\"de\",\"potentialAction\":[{\"@type\":\"ReadAction\",\"target\":[\"https:\\\/\\\/www.nboghossian.ch\\\/de\\\/fachwissen\\\/\"]}]},{\"@type\":\"BreadcrumbList\",\"@id\":\"https:\\\/\\\/www.nboghossian.ch\\\/de\\\/fachwissen\\\/#breadcrumb\",\"itemListElement\":[{\"@type\":\"ListItem\",\"position\":1,\"name\":\"Accueil\",\"item\":\"https:\\\/\\\/www.nboghossian.ch\\\/de\\\/\"},{\"@type\":\"ListItem\",\"position\":2,\"name\":\"Fachwissen\"}]},{\"@type\":\"WebSite\",\"@id\":\"https:\\\/\\\/www.nboghossian.ch\\\/de\\\/#website\",\"url\":\"https:\\\/\\\/www.nboghossian.ch\\\/de\\\/\",\"name\":\"nboghossian.ch\",\"description\":\"\",\"publisher\":{\"@id\":\"https:\\\/\\\/www.nboghossian.ch\\\/de\\\/#organization\"},\"potentialAction\":[{\"@type\":\"SearchAction\",\"target\":{\"@type\":\"EntryPoint\",\"urlTemplate\":\"https:\\\/\\\/www.nboghossian.ch\\\/de\\\/?s={search_term_string}\"},\"query-input\":{\"@type\":\"PropertyValueSpecification\",\"valueRequired\":true,\"valueName\":\"search_term_string\"}}],\"inLanguage\":\"de\"},{\"@type\":\"Organization\",\"@id\":\"https:\\\/\\\/www.nboghossian.ch\\\/de\\\/#organization\",\"name\":\"NBoghossian Consulting\",\"url\":\"https:\\\/\\\/www.nboghossian.ch\\\/de\\\/\",\"logo\":{\"@type\":\"ImageObject\",\"inLanguage\":\"de\",\"@id\":\"https:\\\/\\\/www.nboghossian.ch\\\/de\\\/#\\\/schema\\\/logo\\\/image\\\/\",\"url\":\"https:\\\/\\\/www.nboghossian.ch\\\/wp-content\\\/uploads\\\/2024\\\/02\\\/LogoNB_500px.png\",\"contentUrl\":\"https:\\\/\\\/www.nboghossian.ch\\\/wp-content\\\/uploads\\\/2024\\\/02\\\/LogoNB_500px.png\",\"width\":500,\"height\":175,\"caption\":\"NBoghossian Consulting\"},\"image\":{\"@id\":\"https:\\\/\\\/www.nboghossian.ch\\\/de\\\/#\\\/schema\\\/logo\\\/image\\\/\"},\"sameAs\":[\"https:\\\/\\\/www.linkedin.com\\\/company\\\/nboghossian-consulting\",\"https:\\\/\\\/www.instagram.com\\\/nboghossianconsulting\\\/\"]}]}<\/script>\n<!-- \/ Yoast SEO plugin. -->","yoast_head_json":{"title":"Fachwissen - nboghossian.ch","robots":{"index":"index","follow":"follow","max-snippet":"max-snippet:-1","max-image-preview":"max-image-preview:large","max-video-preview":"max-video-preview:-1"},"canonical":"https:\/\/www.nboghossian.ch\/de\/fachwissen\/","og_locale":"de_DE","og_type":"article","og_title":"Fachwissen - nboghossian.ch","og_url":"https:\/\/www.nboghossian.ch\/de\/fachwissen\/","og_site_name":"nboghossian.ch","article_modified_time":"2026-04-23T14:18:30+00:00","twitter_card":"summary_large_image","schema":{"@context":"https:\/\/schema.org","@graph":[{"@type":"WebPage","@id":"https:\/\/www.nboghossian.ch\/de\/fachwissen\/","url":"https:\/\/www.nboghossian.ch\/de\/fachwissen\/","name":"Fachwissen - nboghossian.ch","isPartOf":{"@id":"https:\/\/www.nboghossian.ch\/de\/#website"},"datePublished":"2024-01-19T14:06:36+00:00","dateModified":"2026-04-23T14:18:30+00:00","breadcrumb":{"@id":"https:\/\/www.nboghossian.ch\/de\/fachwissen\/#breadcrumb"},"inLanguage":"de","potentialAction":[{"@type":"ReadAction","target":["https:\/\/www.nboghossian.ch\/de\/fachwissen\/"]}]},{"@type":"BreadcrumbList","@id":"https:\/\/www.nboghossian.ch\/de\/fachwissen\/#breadcrumb","itemListElement":[{"@type":"ListItem","position":1,"name":"Accueil","item":"https:\/\/www.nboghossian.ch\/de\/"},{"@type":"ListItem","position":2,"name":"Fachwissen"}]},{"@type":"WebSite","@id":"https:\/\/www.nboghossian.ch\/de\/#website","url":"https:\/\/www.nboghossian.ch\/de\/","name":"nboghossian.ch","description":"","publisher":{"@id":"https:\/\/www.nboghossian.ch\/de\/#organization"},"potentialAction":[{"@type":"SearchAction","target":{"@type":"EntryPoint","urlTemplate":"https:\/\/www.nboghossian.ch\/de\/?s={search_term_string}"},"query-input":{"@type":"PropertyValueSpecification","valueRequired":true,"valueName":"search_term_string"}}],"inLanguage":"de"},{"@type":"Organization","@id":"https:\/\/www.nboghossian.ch\/de\/#organization","name":"NBoghossian Consulting","url":"https:\/\/www.nboghossian.ch\/de\/","logo":{"@type":"ImageObject","inLanguage":"de","@id":"https:\/\/www.nboghossian.ch\/de\/#\/schema\/logo\/image\/","url":"https:\/\/www.nboghossian.ch\/wp-content\/uploads\/2024\/02\/LogoNB_500px.png","contentUrl":"https:\/\/www.nboghossian.ch\/wp-content\/uploads\/2024\/02\/LogoNB_500px.png","width":500,"height":175,"caption":"NBoghossian Consulting"},"image":{"@id":"https:\/\/www.nboghossian.ch\/de\/#\/schema\/logo\/image\/"},"sameAs":["https:\/\/www.linkedin.com\/company\/nboghossian-consulting","https:\/\/www.instagram.com\/nboghossianconsulting\/"]}]}},"_links":{"self":[{"href":"https:\/\/www.nboghossian.ch\/de\/wp-json\/wp\/v2\/pages\/71602","targetHints":{"allow":["GET"]}}],"collection":[{"href":"https:\/\/www.nboghossian.ch\/de\/wp-json\/wp\/v2\/pages"}],"about":[{"href":"https:\/\/www.nboghossian.ch\/de\/wp-json\/wp\/v2\/types\/page"}],"author":[{"embeddable":true,"href":"https:\/\/www.nboghossian.ch\/de\/wp-json\/wp\/v2\/users\/1"}],"replies":[{"embeddable":true,"href":"https:\/\/www.nboghossian.ch\/de\/wp-json\/wp\/v2\/comments?post=71602"}],"version-history":[{"count":19,"href":"https:\/\/www.nboghossian.ch\/de\/wp-json\/wp\/v2\/pages\/71602\/revisions"}],"predecessor-version":[{"id":73113,"href":"https:\/\/www.nboghossian.ch\/de\/wp-json\/wp\/v2\/pages\/71602\/revisions\/73113"}],"wp:attachment":[{"href":"https:\/\/www.nboghossian.ch\/de\/wp-json\/wp\/v2\/media?parent=71602"}],"wp:term":[{"taxonomy":"dipi_cpt_category","embeddable":true,"href":"https:\/\/www.nboghossian.ch\/de\/wp-json\/wp\/v2\/dipi_cpt_category?post=71602"}],"curies":[{"name":"wp","href":"https:\/\/api.w.org\/{rel}","templated":true}]}}